{"id":5515,"date":"2025-06-06T20:15:11","date_gmt":"2025-06-06T20:15:11","guid":{"rendered":"https:\/\/pharmacysolutions.com.pa\/?page_id=5515"},"modified":"2025-06-06T20:15:11","modified_gmt":"2025-06-06T20:15:11","slug":"sobre-nosotros","status":"publish","type":"page","link":"https:\/\/pharmacysolutions.com.pa\/es\/sobre-nosotros\/","title":{"rendered":"Sobre Nosotros"},"content":{"rendered":"<div data-elementor-type=\"wp-page\" data-elementor-id=\"5515\" class=\"elementor elementor-5515\">\n\t\t\t\t\t\t<section class=\"elementor-section elementor-top-section elementor-element elementor-element-2a8bba8 elementor-reverse-tablet elementor-reverse-mobile elementor-section-boxed elementor-section-height-default elementor-section-height-default\" data-id=\"2a8bba8\" data-element_type=\"section\" data-e-type=\"section\">\n\t\t\t\t\t\t<div class=\"elementor-container elementor-column-gap-default\">\n\t\t\t\t\t<div class=\"elementor-column elementor-col-50 elementor-top-column elementor-element elementor-element-a8078d7 elementor-invisible\" data-id=\"a8078d7\" data-element_type=\"column\" data-e-type=\"column\" data-settings=\"{&quot;animation&quot;:&quot;fadeInRight&quot;}\">\n\t\t\t<div class=\"elementor-widget-wrap elementor-element-populated\">\n\t\t\t\t\t\t<div class=\"elementor-element elementor-element-434ee6e elementor-widget elementor-widget-oxence-advanced-heading\" data-id=\"434ee6e\" data-element_type=\"widget\" data-e-type=\"widget\" data-widget_type=\"oxence-advanced-heading.default\">\n\t\t\t\t<div class=\"elementor-widget-container\">\n\t\t\t\t\t        <div class=\"oxence-advanced-heading\">\n                            <div class=\"sub-heading\">\n                                            <span class=\"arrow-line\">\n                            <svg version=\"1.1\" xmlns=\"http:\/\/www.w3.org\/2000\/svg\" viewbox=\"0 0 4.15 1.83\"><path d=\"M0.1,0.57C0.25,0.5,0.39,0.4,0.54,0.32C0.69,0.25,0.85,0.2,1.01,0.19c0.3-0.02,0.57,0.11,0.69,0.39 c0.12,0.27,0.14,0.57,0.39,0.76c0.22,0.17,0.5,0.21,0.77,0.22c0.16,0,0.33-0.01,0.49-0.03C3.43,1.51,3.52,1.5,3.61,1.48 c0.08-0.01,0.17-0.02,0.24-0.06c0.04-0.02,0.02-0.07-0.02-0.07C3.75,1.34,3.68,1.37,3.61,1.38C3.53,1.4,3.46,1.42,3.38,1.43 C3.23,1.46,3.07,1.47,2.91,1.47c-0.29,0-0.63-0.04-0.84-0.26c-0.23-0.23-0.2-0.59-0.39-0.84C1.52,0.18,1.26,0.1,1.01,0.11 C0.85,0.12,0.69,0.17,0.54,0.24c-0.16,0.08-0.34,0.17-0.47,0.3C0.06,0.55,0.08,0.58,0.1,0.57L0.1,0.57z\"\/><polygon points=\"4.06,1.39 3.81,1.24 3.55,1.09 3.78,1.41 3.61,1.76 3.84,1.57\"\/><\/svg>                        <\/span>\n                                        <span class=\"sub-heading-text\">Quienes somos<\/span>                                    <\/div>\n                        <h3 class=\"main-heading\"><span class=\"main-text\">Somos un equipo profesional<\/span><\/h3>        <\/div>\n        \t\t\t\t<\/div>\n\t\t\t\t<\/div>\n\t\t\t\t<div class=\"elementor-element elementor-element-4012b39 elementor-widget elementor-widget-text-editor\" data-id=\"4012b39\" data-element_type=\"widget\" data-e-type=\"widget\" data-widget_type=\"text-editor.default\">\n\t\t\t\t<div class=\"elementor-widget-container\">\n\t\t\t\t\t\t\t\t\t<p>18 a\u00f1os de experiencia y m\u00e1s de 20 clientes son el respaldo y la confianza para ser su proveedor integral de servicios como an\u00e1lisis, inspecci\u00f3n y registro de productos.<\/p><p>Somos una empresa 100% farmac\u00e9utica. Nos enfocamos en resolver sus necesidades centralizando, armonizando y garantizando cada proyecto. Somos su asesor ideal en la regi\u00f3n, la mejor garant\u00eda del mercado y la calidad que su empresa necesita.<\/p>\t\t\t\t\t\t\t\t<\/div>\n\t\t\t\t<\/div>\n\t\t\t\t<div class=\"elementor-element elementor-element-b463606 elementor-widget__width-auto elementor-widget-mobile__width-inherit elementor-widget elementor-widget-oxence-button\" data-id=\"b463606\" data-element_type=\"widget\" data-e-type=\"widget\" data-widget_type=\"oxence-button.default\">\n\t\t\t\t<div class=\"elementor-widget-container\">\n\t\t\t\t\t\t\t<div class=\"oxence-button-wrapper\">\n\t\t\t<a href=\"\/es\/about-us\/#consultation\" class=\"oxence-button hover-normal\">\n\t\t\t\t        <span class=\"button-icon icon-align-right\">\n            <i aria-hidden=\"true\" class=\"fas fa-angle-double-right\"><\/i>        <\/span>\n                <span class=\"button-text\">\n            Obtenga una consulta        <\/span>\n\t\t\t\t\t<\/a>\n\t\t<\/div>\n\t\t\t\t\t\t<\/div>\n\t\t\t\t<\/div>\n\t\t\t\t\t<\/div>\n\t\t<\/div>\n\t\t\t\t<div class=\"elementor-column elementor-col-50 elementor-top-column elementor-element elementor-element-c2520d5\" data-id=\"c2520d5\" data-element_type=\"column\" data-e-type=\"column\">\n\t\t\t<div class=\"elementor-widget-wrap elementor-element-populated\">\n\t\t\t\t\t\t<div class=\"elementor-element elementor-element-74b88d1 elementor-invisible elementor-widget elementor-widget-image\" data-id=\"74b88d1\" data-element_type=\"widget\" data-e-type=\"widget\" data-settings=\"{&quot;_animation&quot;:&quot;fadeInUp&quot;}\" data-widget_type=\"image.default\">\n\t\t\t\t<div class=\"elementor-widget-container\">\n\t\t\t\t\t\t\t\t\t\t\t\t\t\t\t<img decoding=\"async\" width=\"190\" height=\"190\" src=\"https:\/\/pharmacysolutions.com.pa\/wp-content\/uploads\/2022\/08\/about-gallery-03.jpg\" class=\"attachment-large size-large wp-image-1825\" alt=\"\" srcset=\"https:\/\/pharmacysolutions.com.pa\/wp-content\/uploads\/2022\/08\/about-gallery-03.jpg 190w, https:\/\/pharmacysolutions.com.pa\/wp-content\/uploads\/2022\/08\/about-gallery-03-150x150.jpg 150w, https:\/\/pharmacysolutions.com.pa\/wp-content\/uploads\/2022\/08\/about-gallery-03-180x180.jpg 180w\" sizes=\"(max-width: 190px) 100vw, 190px\" \/>\t\t\t\t\t\t\t\t\t\t\t\t\t\t\t<\/div>\n\t\t\t\t<\/div>\n\t\t\t\t<div class=\"elementor-element elementor-element-99003d1 elementor-widget__width-auto elementor-invisible elementor-widget elementor-widget-image\" data-id=\"99003d1\" data-element_type=\"widget\" data-e-type=\"widget\" data-settings=\"{&quot;_animation&quot;:&quot;fadeInUp&quot;}\" data-widget_type=\"image.default\">\n\t\t\t\t<div class=\"elementor-widget-container\">\n\t\t\t\t\t\t\t\t\t\t\t\t\t\t\t<img fetchpriority=\"high\" decoding=\"async\" width=\"365\" height=\"507\" src=\"https:\/\/pharmacysolutions.com.pa\/wp-content\/uploads\/2022\/08\/about-gallery-01.jpg\" class=\"attachment-full size-full wp-image-1824\" alt=\"\" srcset=\"https:\/\/pharmacysolutions.com.pa\/wp-content\/uploads\/2022\/08\/about-gallery-01.jpg 365w, https:\/\/pharmacysolutions.com.pa\/wp-content\/uploads\/2022\/08\/about-gallery-01-216x300.jpg 216w\" sizes=\"(max-width: 365px) 100vw, 365px\" \/>\t\t\t\t\t\t\t\t\t\t\t\t\t\t\t<\/div>\n\t\t\t\t<\/div>\n\t\t\t\t<div class=\"elementor-element elementor-element-bd3b5dd elementor-widget__width-auto elementor-invisible elementor-widget elementor-widget-image\" data-id=\"bd3b5dd\" data-element_type=\"widget\" data-e-type=\"widget\" data-settings=\"{&quot;_animation&quot;:&quot;fadeInUp&quot;}\" data-widget_type=\"image.default\">\n\t\t\t\t<div class=\"elementor-widget-container\">\n\t\t\t\t\t\t\t\t\t\t\t\t\t\t\t<img decoding=\"async\" width=\"245\" height=\"285\" src=\"https:\/\/pharmacysolutions.com.pa\/wp-content\/uploads\/2022\/08\/about-gallery-02.jpg\" class=\"attachment-full size-full wp-image-1826\" alt=\"\" \/>\t\t\t\t\t\t\t\t\t\t\t\t\t\t\t<\/div>\n\t\t\t\t<\/div>\n\t\t\t\t<div class=\"elementor-element elementor-element-fa37ae7 elementor-widget__width-auto elementor-absolute elementor-invisible elementor-widget elementor-widget-oxence-counter\" data-id=\"fa37ae7\" data-element_type=\"widget\" data-e-type=\"widget\" data-settings=\"{&quot;_position&quot;:&quot;absolute&quot;,&quot;_animation&quot;:&quot;fadeInUp&quot;}\" data-widget_type=\"oxence-counter.default\">\n\t\t\t\t<div class=\"elementor-widget-container\">\n\t\t\t\t\t        <div class=\"oxence-counter-box\">\n                                    <div class=\"counter-wrap\">\n                <span class=\"elementor-counter-number\" data-duration=\"2000\" data-to-value=\"18\" data-from-value=\"1\" data-delimiter=\",\">1<\/span><span class=\"counter-suffix\">+<\/span>            <\/div>\n                        <h6 class=\"counter-title\">A\u00f1os de experiencia<\/h6>        <\/div>\n        \t\t\t\t<\/div>\n\t\t\t\t<\/div>\n\t\t\t\t\t<\/div>\n\t\t<\/div>\n\t\t\t\t\t<\/div>\n\t\t<\/section>\n\t\t\t\t<\/div>","protected":false},"excerpt":{"rendered":"","protected":false},"author":1,"featured_media":0,"parent":0,"menu_order":0,"comment_status":"closed","ping_status":"closed","template":"","meta":{"footnotes":""},"class_list":["post-5515","page","type-page","status-publish","hentry"],"_links":{"self":[{"href":"https:\/\/pharmacysolutions.com.pa\/es\/wp-json\/wp\/v2\/pages\/5515","targetHints":{"allow":["GET"]}}],"collection":[{"href":"https:\/\/pharmacysolutions.com.pa\/es\/wp-json\/wp\/v2\/pages"}],"about":[{"href":"https:\/\/pharmacysolutions.com.pa\/es\/wp-json\/wp\/v2\/types\/page"}],"author":[{"embeddable":true,"href":"https:\/\/pharmacysolutions.com.pa\/es\/wp-json\/wp\/v2\/users\/1"}],"replies":[{"embeddable":true,"href":"https:\/\/pharmacysolutions.com.pa\/es\/wp-json\/wp\/v2\/comments?post=5515"}],"version-history":[{"count":1,"href":"https:\/\/pharmacysolutions.com.pa\/es\/wp-json\/wp\/v2\/pages\/5515\/revisions"}],"predecessor-version":[{"id":5516,"href":"https:\/\/pharmacysolutions.com.pa\/es\/wp-json\/wp\/v2\/pages\/5515\/revisions\/5516"}],"wp:attachment":[{"href":"https:\/\/pharmacysolutions.com.pa\/es\/wp-json\/wp\/v2\/media?parent=5515"}],"curies":[{"name":"wp","href":"https:\/\/api.w.org\/{rel}","templated":true}]}}