{"id":97,"date":"2022-08-04T19:37:35","date_gmt":"2022-08-04T19:37:35","guid":{"rendered":"https:\/\/demo.webtend.net\/wp\/oxence-light\/?page_id=97"},"modified":"2025-06-06T21:10:29","modified_gmt":"2025-06-06T21:10:29","slug":"home-front-end-services","status":"publish","type":"page","link":"https:\/\/pharmacysolutions.com.pa\/es\/","title":{"rendered":"Homepage Default"},"content":{"rendered":"<div data-elementor-type=\"wp-page\" data-elementor-id=\"97\" class=\"elementor elementor-97\">\n\t\t\t\t\t\t<section class=\"elementor-section elementor-top-section elementor-element elementor-element-34dac92 elementor-section-boxed elementor-section-height-default elementor-section-height-default\" data-id=\"34dac92\" data-element_type=\"section\" data-e-type=\"section\" data-settings=\"{&quot;background_background&quot;:&quot;classic&quot;}\">\n\t\t\t\t\t\t\t<div class=\"elementor-background-overlay\"><\/div>\n\t\t\t\t\t\t\t<div class=\"elementor-container elementor-column-gap-default\">\n\t\t\t\t\t<div class=\"elementor-column elementor-col-50 elementor-top-column elementor-element elementor-element-56bc603\" data-id=\"56bc603\" data-element_type=\"column\" data-e-type=\"column\">\n\t\t\t<div class=\"elementor-widget-wrap elementor-element-populated\">\n\t\t\t\t\t\t<div class=\"elementor-element elementor-element-141b679 elementor-widget__width-auto elementor-invisible elementor-widget elementor-widget-heading\" data-id=\"141b679\" data-element_type=\"widget\" data-e-type=\"widget\" data-settings=\"{&quot;_animation&quot;:&quot;fadeInLeft&quot;}\" data-widget_type=\"heading.default\">\n\t\t\t\t<div class=\"elementor-widget-container\">\n\t\t\t\t\t<p class=\"elementor-heading-title elementor-size-default\">18 a\u00f1os de experiencia en soluciones farmac\u00e9uticas<\/p>\t\t\t\t<\/div>\n\t\t\t\t<\/div>\n\t\t\t\t<div class=\"elementor-element elementor-element-81abc2c elementor-invisible elementor-widget elementor-widget-heading\" data-id=\"81abc2c\" data-element_type=\"widget\" data-e-type=\"widget\" data-settings=\"{&quot;_animation&quot;:&quot;fadeInLeft&quot;}\" data-widget_type=\"heading.default\">\n\t\t\t\t<div class=\"elementor-widget-container\">\n\t\t\t\t\t<h2 class=\"elementor-heading-title elementor-size-default\">Representaci\u00f3n Farmac\u00e9utica en el Registro de Medicamentos<\/h2>\t\t\t\t<\/div>\n\t\t\t\t<\/div>\n\t\t\t\t<div class=\"elementor-element elementor-element-84632e8 elementor-invisible elementor-widget elementor-widget-text-editor\" data-id=\"84632e8\" data-element_type=\"widget\" data-e-type=\"widget\" data-settings=\"{&quot;_animation&quot;:&quot;fadeInLeft&quot;}\" data-widget_type=\"text-editor.default\">\n\t\t\t\t<div class=\"elementor-widget-container\">\n\t\t\t\t\t\t\t\t\t<p>Pharmacy Solutions, su socio dedicado para navegar el complejo panorama regulatorio de las industrias farmac\u00e9utica y de salud en Panam\u00e1. Con un profundo conocimiento de las regulaciones locales y el compromiso de brindar soluciones a medida, impulsamos su negocio para prosperar en este mercado din\u00e1mico.<\/p>\t\t\t\t\t\t\t\t<\/div>\n\t\t\t\t<\/div>\n\t\t\t\t<div class=\"elementor-element elementor-element-d7ff94a elementor-widget__width-auto elementor-invisible elementor-widget elementor-widget-oxence-button\" data-id=\"d7ff94a\" data-element_type=\"widget\" data-e-type=\"widget\" data-settings=\"{&quot;_animation&quot;:&quot;fadeInUp&quot;}\" data-widget_type=\"oxence-button.default\">\n\t\t\t\t<div class=\"elementor-widget-container\">\n\t\t\t\t\t\t\t<div class=\"oxence-button-wrapper\">\n\t\t\t<a href=\"\/es\/services\/pharmaceuticals\/\" class=\"oxence-button hover-normal\">\n\t\t\t\t        <span class=\"button-icon icon-align-right\">\n            <i aria-hidden=\"true\" class=\"fas fa-angle-double-right\"><\/i>        <\/span>\n                <span class=\"button-text\">\n            Descubra m\u00e1s        <\/span>\n\t\t\t\t\t<\/a>\n\t\t<\/div>\n\t\t\t\t\t\t<\/div>\n\t\t\t\t<\/div>\n\t\t\t\t\t<\/div>\n\t\t<\/div>\n\t\t\t\t<div class=\"elementor-column elementor-col-50 elementor-top-column elementor-element elementor-element-c0eca2e\" data-id=\"c0eca2e\" data-element_type=\"column\" data-e-type=\"column\">\n\t\t\t<div class=\"elementor-widget-wrap elementor-element-populated\">\n\t\t\t\t\t\t<div class=\"elementor-element elementor-element-39e03a5 elementor-invisible elementor-widget elementor-widget-image\" data-id=\"39e03a5\" data-element_type=\"widget\" data-e-type=\"widget\" data-settings=\"{&quot;_animation&quot;:&quot;fadeInUp&quot;}\" data-widget_type=\"image.default\">\n\t\t\t\t<div class=\"elementor-widget-container\">\n\t\t\t\t\t\t\t\t\t\t\t\t\t\t\t<img fetchpriority=\"high\" decoding=\"async\" width=\"512\" height=\"512\" src=\"https:\/\/pharmacysolutions.com.pa\/wp-content\/uploads\/2022\/10\/pharmacovigilance.jpg\" class=\"attachment-full size-full wp-image-5249\" alt=\"\" srcset=\"https:\/\/pharmacysolutions.com.pa\/wp-content\/uploads\/2022\/10\/pharmacovigilance.jpg 512w, https:\/\/pharmacysolutions.com.pa\/wp-content\/uploads\/2022\/10\/pharmacovigilance-300x300.jpg 300w, https:\/\/pharmacysolutions.com.pa\/wp-content\/uploads\/2022\/10\/pharmacovigilance-150x150.jpg 150w, https:\/\/pharmacysolutions.com.pa\/wp-content\/uploads\/2022\/10\/pharmacovigilance-180x180.jpg 180w\" sizes=\"(max-width: 512px) 100vw, 512px\" \/>\t\t\t\t\t\t\t\t\t\t\t\t\t\t\t<\/div>\n\t\t\t\t<\/div>\n\t\t\t\t\t<\/div>\n\t\t<\/div>\n\t\t\t\t\t<\/div>\n\t\t<\/section>\n\t\t\t\t<section class=\"elementor-section elementor-top-section elementor-element elementor-element-8f7c90d elementor-section-content-middle elementor-section-boxed elementor-section-height-default elementor-section-height-default\" data-id=\"8f7c90d\" data-element_type=\"section\" data-e-type=\"section\">\n\t\t\t\t\t\t<div class=\"elementor-container elementor-column-gap-default\">\n\t\t\t\t\t<div class=\"elementor-column elementor-col-50 elementor-top-column elementor-element elementor-element-e3670e4\" data-id=\"e3670e4\" data-element_type=\"column\" data-e-type=\"column\">\n\t\t\t<div class=\"elementor-widget-wrap elementor-element-populated\">\n\t\t\t\t\t\t<div class=\"elementor-section elementor-inner-section elementor-element elementor-element-1d2fe0f elementor-section-full_width elementor-section-height-default elementor-section-height-default\" data-id=\"1d2fe0f\" data-element_type=\"section\" data-e-type=\"section\">\n\t\t\t\t\t\t<div class=\"elementor-container elementor-column-gap-default\">\n\t\t\t\t\t<div class=\"elementor-column elementor-col-100 elementor-inner-column elementor-element elementor-element-9085c6c\" data-id=\"9085c6c\" data-element_type=\"column\" data-e-type=\"column\">\n\t\t\t<div class=\"elementor-widget-wrap elementor-element-populated\">\n\t\t\t\t\t\t<div class=\"elementor-element elementor-element-b6939e8 elementor-widget__width-auto elementor-invisible elementor-widget elementor-widget-oxence-counter\" data-id=\"b6939e8\" data-element_type=\"widget\" data-e-type=\"widget\" data-settings=\"{&quot;_animation&quot;:&quot;fadeInDown&quot;}\" data-widget_type=\"oxence-counter.default\">\n\t\t\t\t<div class=\"elementor-widget-container\">\n\t\t\t\t\t        <div class=\"oxence-counter-box\">\n                                    <div class=\"counter-wrap\">\n                <span class=\"elementor-counter-number\" data-duration=\"2000\" data-to-value=\"18\" data-from-value=\"1\" data-delimiter=\",\">1<\/span><span class=\"counter-suffix\">+<\/span>            <\/div>\n                        <h6 class=\"counter-title translation-block\">A\u00f1os de experiencia en<br>Asuntos Regulatorios y Cumplimiento<\/h6>        <\/div>\n        \t\t\t\t<\/div>\n\t\t\t\t<\/div>\n\t\t\t\t\t<\/div>\n\t\t<\/div>\n\t\t\t\t\t<\/div>\n\t\t<\/div>\n\t\t\t\t<div class=\"elementor-element elementor-element-ba2eed9 elementor-invisible elementor-widget elementor-widget-image\" data-id=\"ba2eed9\" data-element_type=\"widget\" data-e-type=\"widget\" data-settings=\"{&quot;_animation&quot;:&quot;fadeInUp&quot;}\" data-widget_type=\"image.default\">\n\t\t\t\t<div class=\"elementor-widget-container\">\n\t\t\t\t\t\t\t\t\t\t\t\t\t\t\t<img decoding=\"async\" width=\"550\" height=\"505\" src=\"https:\/\/pharmacysolutions.com.pa\/wp-content\/uploads\/2022\/09\/frontend-about.jpg\" class=\"attachment-large size-large wp-image-2056\" alt=\"\" srcset=\"https:\/\/pharmacysolutions.com.pa\/wp-content\/uploads\/2022\/09\/frontend-about.jpg 550w, https:\/\/pharmacysolutions.com.pa\/wp-content\/uploads\/2022\/09\/frontend-about-300x275.jpg 300w\" sizes=\"(max-width: 550px) 100vw, 550px\" \/>\t\t\t\t\t\t\t\t\t\t\t\t\t\t\t<\/div>\n\t\t\t\t<\/div>\n\t\t\t\t\t<\/div>\n\t\t<\/div>\n\t\t\t\t<div class=\"elementor-column elementor-col-50 elementor-top-column elementor-element elementor-element-f69319e\" data-id=\"f69319e\" data-element_type=\"column\" data-e-type=\"column\">\n\t\t\t<div class=\"elementor-widget-wrap elementor-element-populated\">\n\t\t\t\t\t\t<div class=\"elementor-element elementor-element-a182198 elementor-invisible elementor-widget elementor-widget-oxence-advanced-heading\" data-id=\"a182198\" data-element_type=\"widget\" data-e-type=\"widget\" data-settings=\"{&quot;_animation&quot;:&quot;fadeInUp&quot;}\" data-widget_type=\"oxence-advanced-heading.default\">\n\t\t\t\t<div class=\"elementor-widget-container\">\n\t\t\t\t\t        <div class=\"oxence-advanced-heading\">\n                            <div class=\"sub-heading\">\n                                        <span class=\"sub-heading-text\">Sobre Pharmacy Solutions<\/span>                                            <span class=\"dots dots-left\">\n                            <span><\/span>\n                            <span><\/span>\n                            <span><\/span>\n                        <\/span>\n                                                            <\/div>\n                        <h3 class=\"main-heading\"><span class=\"main-text\">Representaci\u00f3n Farmac\u00e9utica<\/span><\/h3>        <\/div>\n        \t\t\t\t<\/div>\n\t\t\t\t<\/div>\n\t\t\t\t<div class=\"elementor-element elementor-element-be6ee8a elementor-invisible elementor-widget elementor-widget-text-editor\" data-id=\"be6ee8a\" data-element_type=\"widget\" data-e-type=\"widget\" data-settings=\"{&quot;_animation&quot;:&quot;fadeInUp&quot;}\" data-widget_type=\"text-editor.default\">\n\t\t\t\t<div class=\"elementor-widget-container\">\n\t\t\t\t\t\t\t\t\t<p>18 a\u00f1os de experiencia y m\u00e1s de 20 clientes son el respaldo y la confianza para ser su proveedor integral de servicios como an\u00e1lisis, inspecci\u00f3n y registro de productos.<\/p><p>Nos especializamos en ofrecer apoyo integral en diversas \u00e1reas cr\u00edticas. Para las compa\u00f1\u00edas farmac\u00e9uticas que buscan introducir sus medicamentos en Panam\u00e1, ofrecemos <strong>representaci\u00f3n farmac\u00e9utica experta en el registro de medicamentos, cosm\u00e9ticos, suplementos personales y alimenticios.<\/strong>.<\/p><p>Nuestros servicios agilizan el proceso a menudo complejo de Registro Sanitario, garantizando el cumplimiento de los requisitos de la Autoridad Sanitaria Paname\u00f1a y facilitando un ingreso sin problemas al mercado.<\/p>\t\t\t\t\t\t\t\t<\/div>\n\t\t\t\t<\/div>\n\t\t\t\t<div class=\"elementor-element elementor-element-908530b elementor-invisible elementor-widget elementor-widget-oxence-button\" data-id=\"908530b\" data-element_type=\"widget\" data-e-type=\"widget\" data-settings=\"{&quot;_animation&quot;:&quot;fadeInUp&quot;}\" data-widget_type=\"oxence-button.default\">\n\t\t\t\t<div class=\"elementor-widget-container\">\n\t\t\t\t\t\t\t<div class=\"oxence-button-wrapper\">\n\t\t\t<a href=\"https:\/\/pharmacysolutions.com.pa\/es\/about-us\/\" class=\"oxence-button hover-normal\">\n\t\t\t\t        <span class=\"button-icon icon-align-right\">\n            <i aria-hidden=\"true\" class=\"fas fa-angle-double-right\"><\/i>        <\/span>\n                <span class=\"button-text\">\n            Conozca m\u00e1s sobre nosotros        <\/span>\n\t\t\t\t\t<\/a>\n\t\t<\/div>\n\t\t\t\t\t\t<\/div>\n\t\t\t\t<\/div>\n\t\t\t\t\t<\/div>\n\t\t<\/div>\n\t\t\t\t\t<\/div>\n\t\t<\/section>\n\t\t\t\t<section class=\"elementor-section elementor-top-section elementor-element elementor-element-d9f7c44 elementor-section-boxed elementor-section-height-default elementor-section-height-default\" data-id=\"d9f7c44\" data-element_type=\"section\" data-e-type=\"section\">\n\t\t\t\t\t\t<div class=\"elementor-container elementor-column-gap-default\">\n\t\t\t\t\t<div class=\"elementor-column elementor-col-100 elementor-top-column elementor-element elementor-element-3d89905\" data-id=\"3d89905\" data-element_type=\"column\" data-e-type=\"column\">\n\t\t\t<div class=\"elementor-widget-wrap elementor-element-populated\">\n\t\t\t\t\t\t<div class=\"elementor-element elementor-element-d4cde6c elementor-invisible elementor-widget elementor-widget-oxence-advanced-heading\" data-id=\"d4cde6c\" data-element_type=\"widget\" data-e-type=\"widget\" data-settings=\"{&quot;_animation&quot;:&quot;fadeInUp&quot;}\" data-widget_type=\"oxence-advanced-heading.default\">\n\t\t\t\t<div class=\"elementor-widget-container\">\n\t\t\t\t\t        <div class=\"oxence-advanced-heading\">\n                            <div class=\"sub-heading\">\n                                        <span class=\"sub-heading-text\">Nuestros Servicios<\/span>                                            <span class=\"dots dots-left\">\n                            <span><\/span>\n                            <span><\/span>\n                            <span><\/span>\n                        <\/span>\n                                                <span class=\"dots dots-right\">\n                            <span><\/span>\n                            <span><\/span>\n                            <span><\/span>\n                        <\/span>\n                                                            <\/div>\n                        <h3 class=\"main-heading\"><span class=\"main-text\">Registro Sanitario en Centroam\u00e9rica<\/span><\/h3>        <\/div>\n        \t\t\t\t<\/div>\n\t\t\t\t<\/div>\n\t\t\t\t<div class=\"elementor-element elementor-element-8457783 elementor-widget elementor-widget-text-editor\" data-id=\"8457783\" data-element_type=\"widget\" data-e-type=\"widget\" data-widget_type=\"text-editor.default\">\n\t\t\t\t<div class=\"elementor-widget-container\">\n\t\t\t\t\t\t\t\t\t<p>Pharmacy Solutions es responsable de los registros sanitarios en la Rep\u00fablica de Panam\u00e1 para medicamentos,<br \/>dispositivos m\u00e9dicos, productos naturales, cosm\u00e9ticos, suplementos diet\u00e9ticos, alimentos, entre otros.<\/p><p>Somos una empresa farmac\u00e9utica especializada en an\u00e1lisis, inspecci\u00f3n y registros sanitarios.<\/p>\t\t\t\t\t\t\t\t<\/div>\n\t\t\t\t<\/div>\n\t\t\t\t<section class=\"elementor-section elementor-inner-section elementor-element elementor-element-c2f4ba8 elementor-section-boxed elementor-section-height-default elementor-section-height-default\" data-id=\"c2f4ba8\" data-element_type=\"section\" data-e-type=\"section\">\n\t\t\t\t\t\t<div class=\"elementor-container elementor-column-gap-default\">\n\t\t\t\t\t<div class=\"elementor-column elementor-col-100 elementor-inner-column elementor-element elementor-element-472acfc\" data-id=\"472acfc\" data-element_type=\"column\" data-e-type=\"column\">\n\t\t\t<div class=\"elementor-widget-wrap elementor-element-populated\">\n\t\t\t\t\t\t<div class=\"elementor-element elementor-element-130f1f9 elementor-widget__width-initial elementor-invisible elementor-widget elementor-widget-oxence-info-box\" data-id=\"130f1f9\" data-element_type=\"widget\" data-e-type=\"widget\" data-settings=\"{&quot;_animation&quot;:&quot;fadeInUp&quot;,&quot;_animation_delay&quot;:100}\" data-widget_type=\"oxence-info-box.default\">\n\t\t\t\t<div class=\"elementor-widget-container\">\n\t\t\t\t\t        <div class=\"oxence-info-box text-center icon-top\">\n                    <div class=\"box-icon\">\n                                                <i aria-hidden=\"true\" class=\"flaticon flaticon-idea\"><\/i>                                    <\/div>\n                    <div class=\"box-content\">\n                                    <h4 class=\"box-title\">\n                        <span class=\"title-text\">Experiencia<\/span>                    <\/h4>\n                                <p class=\"description\">Nos comprometemos a brindar la mejor asesor\u00eda para minimizar costos y mejorar los plazos para el cumplimiento de los objetivos de nuestros clientes.<\/p>            <\/div>\n                                <\/div>\n        \t\t\t\t<\/div>\n\t\t\t\t<\/div>\n\t\t\t\t<div class=\"elementor-element elementor-element-cc1bc35 elementor-widget__width-initial elementor-invisible elementor-widget elementor-widget-oxence-info-box\" data-id=\"cc1bc35\" data-element_type=\"widget\" data-e-type=\"widget\" data-settings=\"{&quot;_animation&quot;:&quot;fadeInUp&quot;,&quot;_animation_delay&quot;:200}\" data-widget_type=\"oxence-info-box.default\">\n\t\t\t\t<div class=\"elementor-widget-container\">\n\t\t\t\t\t        <div class=\"oxence-info-box text-center icon-top\">\n                    <div class=\"box-icon\">\n                                                <i aria-hidden=\"true\" class=\"flaticon flaticon-trophy\"><\/i>                                    <\/div>\n                    <div class=\"box-content\">\n                                    <h4 class=\"box-title\">\n                        <span class=\"title-text\">Calidad<\/span>                    <\/h4>\n                                <p class=\"description\">Nuestra intenci\u00f3n es que nuestros clientes sientan que somos parte de su equipo en cada proceso.<\/p>            <\/div>\n                                <\/div>\n        \t\t\t\t<\/div>\n\t\t\t\t<\/div>\n\t\t\t\t<div class=\"elementor-element elementor-element-aad640c elementor-widget__width-initial elementor-invisible elementor-widget elementor-widget-oxence-info-box\" data-id=\"aad640c\" data-element_type=\"widget\" data-e-type=\"widget\" data-settings=\"{&quot;_animation&quot;:&quot;fadeInUp&quot;,&quot;_animation_delay&quot;:300}\" data-widget_type=\"oxence-info-box.default\">\n\t\t\t\t<div class=\"elementor-widget-container\">\n\t\t\t\t\t        <div class=\"oxence-info-box text-center icon-top\">\n                    <div class=\"box-icon\">\n                                                <i aria-hidden=\"true\" class=\"flaticon flaticon-checklist\"><\/i>                                    <\/div>\n                    <div class=\"box-content\">\n                                    <h4 class=\"box-title\">\n                        <span class=\"title-text\">Satisfacci\u00f3n del cliente<\/span>                    <\/h4>\n                                <p class=\"description\">Contamos con profesionales expertos en el \u00e1rea regulatoria y en constante actualizaci\u00f3n de conocimientos.<\/p>            <\/div>\n                                <\/div>\n        \t\t\t\t<\/div>\n\t\t\t\t<\/div>\n\t\t\t\t<div class=\"elementor-element elementor-element-7102311 elementor-widget__width-initial elementor-invisible elementor-widget elementor-widget-oxence-info-box\" data-id=\"7102311\" data-element_type=\"widget\" data-e-type=\"widget\" data-settings=\"{&quot;_animation&quot;:&quot;fadeInUp&quot;,&quot;_animation_delay&quot;:500}\" data-widget_type=\"oxence-info-box.default\">\n\t\t\t\t<div class=\"elementor-widget-container\">\n\t\t\t\t\t        <div class=\"oxence-info-box text-center icon-top\">\n                    <div class=\"box-icon\">\n                                                <i aria-hidden=\"true\" class=\"flaticon flaticon-carton-box\"><\/i>                                    <\/div>\n                    <div class=\"box-content\">\n                                    <h4 class=\"box-title\">\n                        <span class=\"title-text\">Sin cargos ocultos<\/span>                    <\/h4>\n                                <p class=\"description\">Nuestra transparencia en cada proceso es fundamental, incluida la facturaci\u00f3n.<\/p>            <\/div>\n                                <\/div>\n        \t\t\t\t<\/div>\n\t\t\t\t<\/div>\n\t\t\t\t\t<\/div>\n\t\t<\/div>\n\t\t\t\t\t<\/div>\n\t\t<\/section>\n\t\t\t\t\t<\/div>\n\t\t<\/div>\n\t\t\t\t\t<\/div>\n\t\t<\/section>\n\t\t\t\t<\/div>","protected":false},"excerpt":{"rendered":"<p>18 Years of Experience in Pharmacy Solutions Pharmaceutical Representation in the Registration of Medical Drugs Pharmacy Solutions, your dedicated partner for navigating the intricate regulatory landscape of the pharmaceutical and healthcare industries in Panama. With a deep understanding of local regulations and a commitment to providing tailored solutions, we empower your business to thrive in [&hellip;]<\/p>\n","protected":false},"author":1,"featured_media":5249,"parent":0,"menu_order":0,"comment_status":"closed","ping_status":"closed","template":"","meta":{"footnotes":""},"class_list":["post-97","page","type-page","status-publish","has-post-thumbnail","hentry"],"_links":{"self":[{"href":"https:\/\/pharmacysolutions.com.pa\/es\/wp-json\/wp\/v2\/pages\/97","targetHints":{"allow":["GET"]}}],"collection":[{"href":"https:\/\/pharmacysolutions.com.pa\/es\/wp-json\/wp\/v2\/pages"}],"about":[{"href":"https:\/\/pharmacysolutions.com.pa\/es\/wp-json\/wp\/v2\/types\/page"}],"author":[{"embeddable":true,"href":"https:\/\/pharmacysolutions.com.pa\/es\/wp-json\/wp\/v2\/users\/1"}],"replies":[{"embeddable":true,"href":"https:\/\/pharmacysolutions.com.pa\/es\/wp-json\/wp\/v2\/comments?post=97"}],"version-history":[{"count":5,"href":"https:\/\/pharmacysolutions.com.pa\/es\/wp-json\/wp\/v2\/pages\/97\/revisions"}],"predecessor-version":[{"id":5531,"href":"https:\/\/pharmacysolutions.com.pa\/es\/wp-json\/wp\/v2\/pages\/97\/revisions\/5531"}],"wp:featuredmedia":[{"embeddable":true,"href":"https:\/\/pharmacysolutions.com.pa\/es\/wp-json\/wp\/v2\/media\/5249"}],"wp:attachment":[{"href":"https:\/\/pharmacysolutions.com.pa\/es\/wp-json\/wp\/v2\/media?parent=97"}],"curies":[{"name":"wp","href":"https:\/\/api.w.org\/{rel}","templated":true}]}}